{"id":43,"date":"2024-07-17T16:06:18","date_gmt":"2024-07-17T14:06:18","guid":{"rendered":"https:\/\/fashioncityhotel.com\/?page_id=43"},"modified":"2026-01-24T23:38:40","modified_gmt":"2026-01-24T22:38:40","slug":"kavezo","status":"publish","type":"page","link":"https:\/\/fashioncityhotel.com\/hu\/kavezo\/","title":{"rendered":"K\u00e1v\u00e9z\u00f3"},"content":{"rendered":"<div data-elementor-type=\"wp-page\" data-elementor-id=\"43\" class=\"elementor elementor-43\" data-elementor-post-type=\"page\">\n\t\t\t\t<div class=\"elementor-element elementor-element-fee8fca e-flex e-con-boxed e-con e-parent\" data-id=\"fee8fca\" data-element_type=\"container\" data-settings=\"{&quot;background_background&quot;:&quot;classic&quot;}\">\n\t\t\t\t\t<div class=\"e-con-inner\">\n\t\t<div class=\"elementor-element elementor-element-025094e e-con-full e-flex e-con e-child\" data-id=\"025094e\" data-element_type=\"container\">\n\t\t\t\t<\/div>\n\t\t\t\t\t<\/div>\n\t\t\t\t<\/div>\n\t\t<div class=\"elementor-element elementor-element-9d3669a e-flex e-con-boxed e-con e-parent\" data-id=\"9d3669a\" data-element_type=\"container\">\n\t\t\t\t\t<div class=\"e-con-inner\">\n\t\t\t\t<div class=\"elementor-element elementor-element-95d38a7 elementor-widget elementor-widget-image\" data-id=\"95d38a7\" data-element_type=\"widget\" data-widget_type=\"image.default\">\n\t\t\t\t<div class=\"elementor-widget-container\">\n\t\t\t\t\t\t\t\t\t\t\t\t\t\t\t<img fetchpriority=\"high\" decoding=\"async\" width=\"600\" height=\"600\" src=\"https:\/\/fashioncityhotel.com\/wp-content\/uploads\/2024\/10\/caffee_logo.png\" class=\"attachment-full size-full wp-image-1614\" alt=\"Atryum Fashion Cafe bar\" srcset=\"https:\/\/fashioncityhotel.com\/wp-content\/uploads\/2024\/10\/caffee_logo.png 600w, https:\/\/fashioncityhotel.com\/wp-content\/uploads\/2024\/10\/caffee_logo-300x300.png 300w, https:\/\/fashioncityhotel.com\/wp-content\/uploads\/2024\/10\/caffee_logo-150x150.png 150w, https:\/\/fashioncityhotel.com\/wp-content\/uploads\/2024\/10\/caffee_logo-12x12.png 12w\" sizes=\"(max-width: 600px) 100vw, 600px\" \/>\t\t\t\t\t\t\t\t\t\t\t\t\t\t\t<\/div>\n\t\t\t\t<\/div>\n\t\t\t\t\t<\/div>\n\t\t\t\t<\/div>\n\t\t<div class=\"elementor-element elementor-element-332e2c1 e-flex e-con-boxed e-con e-parent\" data-id=\"332e2c1\" data-element_type=\"container\">\n\t\t\t\t\t<div class=\"e-con-inner\">\n\t\t<div class=\"elementor-element elementor-element-9bd9f05 e-con-full e-flex e-con e-child\" data-id=\"9bd9f05\" data-element_type=\"container\">\n\t\t\t\t<div class=\"elementor-element elementor-element-f80006a elementor-widget elementor-widget-image\" data-id=\"f80006a\" data-element_type=\"widget\" data-widget_type=\"image.default\">\n\t\t\t\t<div class=\"elementor-widget-container\">\n\t\t\t\t\t\t\t\t\t\t\t\t\t\t\t<img decoding=\"async\" width=\"1548\" height=\"2322\" src=\"https:\/\/fashioncityhotel.com\/wp-content\/uploads\/2024\/10\/fashio_caffe.jpg\" class=\"attachment-full size-full wp-image-1154\" alt=\"Atryum Fashion Coffee\" srcset=\"https:\/\/fashioncityhotel.com\/wp-content\/uploads\/2024\/10\/fashio_caffe.jpg 1548w, https:\/\/fashioncityhotel.com\/wp-content\/uploads\/2024\/10\/fashio_caffe-200x300.jpg 200w, https:\/\/fashioncityhotel.com\/wp-content\/uploads\/2024\/10\/fashio_caffe-683x1024.jpg 683w, https:\/\/fashioncityhotel.com\/wp-content\/uploads\/2024\/10\/fashio_caffe-768x1152.jpg 768w, https:\/\/fashioncityhotel.com\/wp-content\/uploads\/2024\/10\/fashio_caffe-1024x1536.jpg 1024w, https:\/\/fashioncityhotel.com\/wp-content\/uploads\/2024\/10\/fashio_caffe-1365x2048.jpg 1365w\" sizes=\"(max-width: 1548px) 100vw, 1548px\" \/>\t\t\t\t\t\t\t\t\t\t\t\t\t\t\t<\/div>\n\t\t\t\t<\/div>\n\t\t\t\t<\/div>\n\t\t<div class=\"elementor-element elementor-element-62c30a0 e-con-full e-flex e-con e-child\" data-id=\"62c30a0\" data-element_type=\"container\" data-settings=\"{&quot;background_background&quot;:&quot;classic&quot;}\">\n\t\t<div class=\"elementor-element elementor-element-36d479f e-con-full e-flex e-con e-child\" data-id=\"36d479f\" data-element_type=\"container\" data-settings=\"{&quot;background_background&quot;:&quot;classic&quot;}\">\n\t\t\t\t<div class=\"elementor-element elementor-element-451815b elementor-widget elementor-widget-heading\" data-id=\"451815b\" data-element_type=\"widget\" data-widget_type=\"heading.default\">\n\t\t\t\t<div class=\"elementor-widget-container\">\n\t\t\t\t\t<h2 class=\"elementor-heading-title elementor-size-default\">Atryum Fashion Caf\u00e9 Bar \n<\/h2>\t\t\t\t<\/div>\n\t\t\t\t<\/div>\n\t\t\t\t<div class=\"elementor-element elementor-element-0cc133e elementor-widget elementor-widget-heading\" data-id=\"0cc133e\" data-element_type=\"widget\" data-widget_type=\"heading.default\">\n\t\t\t\t<div class=\"elementor-widget-container\">\n\t\t\t\t\t<div class=\"elementor-heading-title elementor-size-default\">K\u00f6zpontban, de nem a zaj k\u00f6zep\u00e9n! \n<\/div>\t\t\t\t<\/div>\n\t\t\t\t<\/div>\n\t\t\t\t<div class=\"elementor-element elementor-element-d07547e elementor-widget elementor-widget-text-editor\" data-id=\"d07547e\" data-element_type=\"widget\" data-widget_type=\"text-editor.default\">\n\t\t\t\t<div class=\"elementor-widget-container\">\n\t\t\t\t\t\t\t\t\t<p><span style=\"font-weight: 400;\">K\u00e1v\u00e9z\u00f3nk a Nyugati p\u00e1lyaudvar szomsz\u00e9ds\u00e1g\u00e1ban,  Budapest k\u00f6zpontj\u00e1ban helyezkedik el, ahol reggelente a sz\u00e1lloda vend\u00e9geit friss, \u00ednycsikland\u00f3 reggelivel v\u00e1rjuk, 10 \u00f3r\u00e1t\u00f3l pedig mindenkit sz\u00edvesen l\u00e1tunk egy hangulatos k\u00e1v\u00e9z\u00e1sra. K\u00e1v\u00e9z\u00f3nk k\u00fcl\u00f6nlegess\u00e9ge, hogy n\u00e1lunk mindenki a saj\u00e1t \u00edzl\u00e9se szerint \u00e1ll\u00edthatja \u00f6ssze k\u00e1v\u00e9j\u00e1t: v\u00e1laszthatja ki a k\u00e1v\u00e9t, a tejet, \u00e9s az \u00ednycsikland\u00f3 kieg\u00e9sz\u00edt\u0151ket, mint p\u00e9ld\u00e1ul a gazdag csoki\u00f6ntet.\u00a0<\/span><\/p><p><span style=\"font-weight: 400;\">\u00c9rdemes hozz\u00e1nk t\u00f6bbsz\u00f6r is visszat\u00e9rni, hiszen k\u00e9thavonta \u00faj szezon\u00e1lis k\u00e1v\u00e9k\u00fcl\u00f6nlegess\u00e9gekkel kedvesked\u00fcnk vend\u00e9geinknek, melyek mindig az adott \u00e9vszak hangulat\u00e1t id\u00e9zik \u2013 legyen sz\u00f3 t\u00e9li, melenget\u0151 m\u00e9zeskal\u00e1csos \u00edz\u0171 k\u00e1v\u00e9r\u00f3l, vagy a ny\u00e1ri friss\u00edt\u0151 \u00edzekr\u0151l. A k\u00e1v\u00e9k mell\u00e9 friss, veg\u00e1n s\u00fctem\u00e9nyekkel \u00e9s mennyei f\u00e1nkokkal v\u00e1rjuk az \u00e9dessz\u00e1j\u00faakat, valamint \u00edzletes szendvicseinkkel is gondoskodunk r\u00f3la, hogy mindenki megtal\u00e1lja a kedv\u00e9re val\u00f3t. Nem csak a k\u00e1v\u00e9 szerelmeseinek k\u00edn\u00e1lunk k\u00fcl\u00f6nlegess\u00e9geket: friss limon\u00e1d\u00e9ink is n\u00e9pszer\u0171ek vend\u00e9geink k\u00f6r\u00e9ben.\u00a0<\/span><\/p><p><span style=\"font-weight: 400;\">K\u00e1v\u00e9z\u00f3nk t\u00f6k\u00e9letes helysz\u00edn, ha egy kis nyugalomra v\u00e1gyik a v\u00e1ros ny\u00fczsg\u00e9s\u00e9ben, legyen sz\u00f3 tanul\u00e1sr\u00f3l, munk\u00e1r\u00f3l, vagy egy j\u00f3 besz\u00e9lget\u00e9sr\u0151l bar\u00e1taival. R\u00e1ad\u00e1sul n\u00e9gyl\u00e1b\u00fa kedvenc\u00e9t sem kell otthon hagynia, hiszen k\u00e1v\u00e9z\u00f3nk kutyabar\u00e1t! Ha k\u00fcl\u00f6nleges alkalomra k\u00e9sz\u00fcl, kisebb rendezv\u00e9nyek szervez\u00e9s\u00e9ben is \u00f6r\u00f6mmel \u00e1llunk rendelkez\u00e9s\u00e9re. L\u00e1togasson el hozz\u00e1nk, \u00e9s hagyja, hogy elvar\u00e1zsolja a k\u00fcl\u00f6nleges hangulat \u00e9s a szem\u00e9lyre szabott k\u00e1v\u00e9\u00e9lm\u00e9ny!<\/span><\/p>\t\t\t\t\t\t\t\t<\/div>\n\t\t\t\t<\/div>\n\t\t<div class=\"elementor-element elementor-element-bb32952 e-con-full e-flex e-con e-child\" data-id=\"bb32952\" data-element_type=\"container\">\n\t\t<div class=\"elementor-element elementor-element-6774cd1 e-con-full e-flex e-con e-child\" data-id=\"6774cd1\" data-element_type=\"container\">\n\t\t\t\t<div class=\"elementor-element elementor-element-28745b7 elementor-mobile-align-justify elementor-align-justify elementor-widget elementor-widget-button\" data-id=\"28745b7\" data-element_type=\"widget\" data-widget_type=\"button.default\">\n\t\t\t\t<div class=\"elementor-widget-container\">\n\t\t\t\t\t\t\t\t\t<div class=\"elementor-button-wrapper\">\n\t\t\t\t\t<a class=\"elementor-button elementor-button-link elementor-size-sm\" href=\"tel: +36703200058\" target=\"_blank\">\n\t\t\t\t\t\t<span class=\"elementor-button-content-wrapper\">\n\t\t\t\t\t\t\t\t\t<span class=\"elementor-button-text\">h\u00edv\u00e1s: +36 70 320 0058<\/span>\n\t\t\t\t\t<\/span>\n\t\t\t\t\t<\/a>\n\t\t\t\t<\/div>\n\t\t\t\t\t\t\t\t<\/div>\n\t\t\t\t<\/div>\n\t\t\t\t<\/div>\n\t\t<div class=\"elementor-element elementor-element-dbb98d6 e-con-full e-flex e-con e-child\" data-id=\"dbb98d6\" data-element_type=\"container\">\n\t\t\t\t<div class=\"elementor-element elementor-element-1cf6369 elementor-mobile-align-justify elementor-align-justify elementor-widget elementor-widget-button\" data-id=\"1cf6369\" data-element_type=\"widget\" data-widget_type=\"button.default\">\n\t\t\t\t<div class=\"elementor-widget-container\">\n\t\t\t\t\t\t\t\t\t<div class=\"elementor-button-wrapper\">\n\t\t\t\t\t<a class=\"elementor-button elementor-button-link elementor-size-sm\" href=\"mailto:%20cafebar@atryumfashionhotel.eu\" target=\"_blank\">\n\t\t\t\t\t\t<span class=\"elementor-button-content-wrapper\">\n\t\t\t\t\t\t\t\t\t<span class=\"elementor-button-text\">cafebar@atryumfashionhotel.eu<\/span>\n\t\t\t\t\t<\/span>\n\t\t\t\t\t<\/a>\n\t\t\t\t<\/div>\n\t\t\t\t\t\t\t\t<\/div>\n\t\t\t\t<\/div>\n\t\t\t\t<\/div>\n\t\t\t\t<\/div>\n\t\t\t\t<\/div>\n\t\t\t\t<\/div>\n\t\t\t\t\t<\/div>\n\t\t\t\t<\/div>\n\t\t<div class=\"elementor-element elementor-element-25571d6 e-flex e-con-boxed e-con e-parent\" data-id=\"25571d6\" data-element_type=\"container\">\n\t\t\t\t\t<div class=\"e-con-inner\">\n\t\t<div class=\"elementor-element elementor-element-0186234 e-con-full e-flex e-con e-child\" data-id=\"0186234\" data-element_type=\"container\">\n\t\t\t\t<div class=\"elementor-element elementor-element-81e1bd4 elementor-widget elementor-widget-image\" data-id=\"81e1bd4\" data-element_type=\"widget\" data-widget_type=\"image.default\">\n\t\t\t\t<div class=\"elementor-widget-container\">\n\t\t\t\t\t\t\t\t\t\t\t\t\t\t\t<img decoding=\"async\" width=\"1240\" height=\"1754\" src=\"https:\/\/fashioncityhotel.com\/wp-content\/uploads\/2024\/10\/orange_latte.jpg\" class=\"attachment-full size-full wp-image-1609\" alt=\"Orange latte\" srcset=\"https:\/\/fashioncityhotel.com\/wp-content\/uploads\/2024\/10\/orange_latte.jpg 1240w, https:\/\/fashioncityhotel.com\/wp-content\/uploads\/2024\/10\/orange_latte-212x300.jpg 212w, https:\/\/fashioncityhotel.com\/wp-content\/uploads\/2024\/10\/orange_latte-724x1024.jpg 724w, https:\/\/fashioncityhotel.com\/wp-content\/uploads\/2024\/10\/orange_latte-768x1086.jpg 768w, https:\/\/fashioncityhotel.com\/wp-content\/uploads\/2024\/10\/orange_latte-1086x1536.jpg 1086w, https:\/\/fashioncityhotel.com\/wp-content\/uploads\/2024\/10\/orange_latte-8x12.jpg 8w\" sizes=\"(max-width: 1240px) 100vw, 1240px\" \/>\t\t\t\t\t\t\t\t\t\t\t\t\t\t\t<\/div>\n\t\t\t\t<\/div>\n\t\t\t\t<\/div>\n\t\t<div class=\"elementor-element elementor-element-248e194 e-con-full e-flex e-con e-child\" data-id=\"248e194\" data-element_type=\"container\" data-settings=\"{&quot;background_background&quot;:&quot;classic&quot;}\">\n\t\t\t\t<div class=\"elementor-element elementor-element-eab7cc9 elementor-widget elementor-widget-heading\" data-id=\"eab7cc9\" data-element_type=\"widget\" data-widget_type=\"heading.default\">\n\t\t\t\t<div class=\"elementor-widget-container\">\n\t\t\t\t\t<h2 class=\"elementor-heading-title elementor-size-default\">A szezon k\u00e1v\u00e9ja<\/h2>\t\t\t\t<\/div>\n\t\t\t\t<\/div>\n\t\t\t\t<div class=\"elementor-element elementor-element-e968097 elementor-widget elementor-widget-heading\" data-id=\"e968097\" data-element_type=\"widget\" data-widget_type=\"heading.default\">\n\t\t\t\t<div class=\"elementor-widget-container\">\n\t\t\t\t\t<div class=\"elementor-heading-title elementor-size-default\">Narancsos csokis latte<\/div>\t\t\t\t<\/div>\n\t\t\t\t<\/div>\n\t\t\t\t<div class=\"elementor-element elementor-element-79a0a54 elementor-mobile-align-justify elementor-align-left elementor-widget elementor-widget-button\" data-id=\"79a0a54\" data-element_type=\"widget\" data-widget_type=\"button.default\">\n\t\t\t\t<div class=\"elementor-widget-container\">\n\t\t\t\t\t\t\t\t\t<div class=\"elementor-button-wrapper\">\n\t\t\t\t\t<a class=\"elementor-button elementor-button-link elementor-size-sm\" href=\"https:\/\/www.facebook.com\/profile.php?id=61561658135783\" target=\"_blank\">\n\t\t\t\t\t\t<span class=\"elementor-button-content-wrapper\">\n\t\t\t\t\t\t\t\t\t<span class=\"elementor-button-text\">K\u00f6vess minket Facebookon!<\/span>\n\t\t\t\t\t<\/span>\n\t\t\t\t\t<\/a>\n\t\t\t\t<\/div>\n\t\t\t\t\t\t\t\t<\/div>\n\t\t\t\t<\/div>\n\t\t\t\t<\/div>\n\t\t\t\t\t<\/div>\n\t\t\t\t<\/div>\n\t\t\t\t<\/div>","protected":false},"excerpt":{"rendered":"<p>Atryum Fashion Caf\u00e9 Bar In the centre, but not in the middle of the noise! Our caf\u00e9 is located in the vicinity of the Nyugati Railway Station, in the center of\u00a0 Budapest where we await our hotel guests with a fresh, delicious breakfast in the\u00a0 morning. And from 10 am everyone is welcome for a [&hellip;]<\/p>","protected":false},"author":1,"featured_media":0,"parent":0,"menu_order":0,"comment_status":"closed","ping_status":"closed","template":"elementor_header_footer","meta":{"footnotes":""},"class_list":["post-43","page","type-page","status-publish","hentry"],"yoast_head":"<!-- This site is optimized with the Yoast SEO Premium plugin v25.6 (Yoast SEO v25.7) - https:\/\/yoast.com\/wordpress\/plugins\/seo\/ -->\n<title>Atryum Caf\u00e9 Bar | In the centre, but not in the middle of the noise!<\/title>\n<meta name=\"description\" content=\"Atryum Caf\u00e9 Bar is unique in that individuals can customize their coffee by choosing their own coffee, milk and delicious extras.\" \/>\n<meta name=\"robots\" content=\"index, follow, max-snippet:-1, max-image-preview:large, max-video-preview:-1\" \/>\n<link rel=\"canonical\" href=\"https:\/\/fashioncityhotel.com\/hu\/kavezo\/\" \/>\n<meta property=\"og:locale\" content=\"hu_HU\" \/>\n<meta property=\"og:type\" content=\"article\" \/>\n<meta property=\"og:title\" content=\"Caf\u00e9\" \/>\n<meta property=\"og:description\" content=\"Atryum Caf\u00e9 Bar is unique in that individuals can customize their coffee by choosing their own coffee, milk and delicious extras.\" \/>\n<meta property=\"og:url\" content=\"https:\/\/fashioncityhotel.com\/hu\/kavezo\/\" \/>\n<meta property=\"og:site_name\" content=\"Fashion City Hotel\" \/>\n<meta property=\"article:modified_time\" content=\"2026-01-24T22:38:40+00:00\" \/>\n<meta property=\"og:image\" content=\"https:\/\/fashioncityhotel.com\/wp-content\/uploads\/2024\/10\/caffee_logo.png\" \/>\n\t<meta property=\"og:image:width\" content=\"600\" \/>\n\t<meta property=\"og:image:height\" content=\"600\" \/>\n\t<meta property=\"og:image:type\" content=\"image\/png\" \/>\n<meta name=\"twitter:card\" content=\"summary_large_image\" \/>\n<meta name=\"twitter:label1\" content=\"Becs\u00fclt olvas\u00e1si id\u0151\" \/>\n\t<meta name=\"twitter:data1\" content=\"2 perc\" \/>\n<script type=\"application\/ld+json\" class=\"yoast-schema-graph\">{\"@context\":\"https:\/\/schema.org\",\"@graph\":[{\"@type\":\"WebPage\",\"@id\":\"https:\/\/fashioncityhotel.com\/cafe\/\",\"url\":\"https:\/\/fashioncityhotel.com\/cafe\/\",\"name\":\"Atryum Caf\u00e9 Bar | In the centre, but not in the middle of the noise!\",\"isPartOf\":{\"@id\":\"https:\/\/fashioncityhotel.com\/#website\"},\"primaryImageOfPage\":{\"@id\":\"https:\/\/fashioncityhotel.com\/cafe\/#primaryimage\"},\"image\":{\"@id\":\"https:\/\/fashioncityhotel.com\/cafe\/#primaryimage\"},\"thumbnailUrl\":\"https:\/\/fashioncityhotel.com\/wp-content\/uploads\/2024\/10\/caffee_logo.png\",\"datePublished\":\"2024-07-17T14:06:18+00:00\",\"dateModified\":\"2026-01-24T22:38:40+00:00\",\"description\":\"Atryum Caf\u00e9 Bar is unique in that individuals can customize their coffee by choosing their own coffee, milk and delicious extras.\",\"breadcrumb\":{\"@id\":\"https:\/\/fashioncityhotel.com\/cafe\/#breadcrumb\"},\"inLanguage\":\"hu\",\"potentialAction\":[{\"@type\":\"ReadAction\",\"target\":[\"https:\/\/fashioncityhotel.com\/cafe\/\"]}]},{\"@type\":\"ImageObject\",\"inLanguage\":\"hu\",\"@id\":\"https:\/\/fashioncityhotel.com\/cafe\/#primaryimage\",\"url\":\"https:\/\/fashioncityhotel.com\/wp-content\/uploads\/2024\/10\/caffee_logo.png\",\"contentUrl\":\"https:\/\/fashioncityhotel.com\/wp-content\/uploads\/2024\/10\/caffee_logo.png\"},{\"@type\":\"BreadcrumbList\",\"@id\":\"https:\/\/fashioncityhotel.com\/cafe\/#breadcrumb\",\"itemListElement\":[{\"@type\":\"ListItem\",\"position\":1,\"name\":\"Kezd\u0151lap\",\"item\":\"https:\/\/fashioncityhotel.com\/\"},{\"@type\":\"ListItem\",\"position\":2,\"name\":\"Caf\u00e9\"}]},{\"@type\":\"WebSite\",\"@id\":\"https:\/\/fashioncityhotel.com\/#website\",\"url\":\"https:\/\/fashioncityhotel.com\/\",\"name\":\"Fashion City Hotel\",\"description\":\"Be unique in the heart of the city with us!\",\"publisher\":{\"@id\":\"https:\/\/fashioncityhotel.com\/#organization\"},\"potentialAction\":[{\"@type\":\"SearchAction\",\"target\":{\"@type\":\"EntryPoint\",\"urlTemplate\":\"https:\/\/fashioncityhotel.com\/?s={search_term_string}\"},\"query-input\":{\"@type\":\"PropertyValueSpecification\",\"valueRequired\":true,\"valueName\":\"search_term_string\"}}],\"inLanguage\":\"hu\"},{\"@type\":\"Organization\",\"@id\":\"https:\/\/fashioncityhotel.com\/#organization\",\"name\":\"Fashion City Hotel\",\"url\":\"https:\/\/fashioncityhotel.com\/\",\"logo\":{\"@type\":\"ImageObject\",\"inLanguage\":\"hu\",\"@id\":\"https:\/\/fashioncityhotel.com\/#\/schema\/logo\/image\/\",\"url\":\"https:\/\/fashioncityhotel.com\/wp-content\/uploads\/2024\/07\/cropped-logo_v1-1.png\",\"contentUrl\":\"https:\/\/fashioncityhotel.com\/wp-content\/uploads\/2024\/07\/cropped-logo_v1-1.png\",\"width\":1179,\"height\":1180,\"caption\":\"Fashion City Hotel\"},\"image\":{\"@id\":\"https:\/\/fashioncityhotel.com\/#\/schema\/logo\/image\/\"}}]}<\/script>\n<!-- \/ Yoast SEO Premium plugin. -->","yoast_head_json":{"title":"Atryum Caf\u00e9 Bar | In the centre, but not in the middle of the noise!","description":"Atryum Caf\u00e9 Bar is unique in that individuals can customize their coffee by choosing their own coffee, milk and delicious extras.","robots":{"index":"index","follow":"follow","max-snippet":"max-snippet:-1","max-image-preview":"max-image-preview:large","max-video-preview":"max-video-preview:-1"},"canonical":"https:\/\/fashioncityhotel.com\/hu\/kavezo\/","og_locale":"hu_HU","og_type":"article","og_title":"Caf\u00e9","og_description":"Atryum Caf\u00e9 Bar is unique in that individuals can customize their coffee by choosing their own coffee, milk and delicious extras.","og_url":"https:\/\/fashioncityhotel.com\/hu\/kavezo\/","og_site_name":"Fashion City Hotel","article_modified_time":"2026-01-24T22:38:40+00:00","og_image":[{"width":600,"height":600,"url":"https:\/\/fashioncityhotel.com\/wp-content\/uploads\/2024\/10\/caffee_logo.png","type":"image\/png"}],"twitter_card":"summary_large_image","twitter_misc":{"Becs\u00fclt olvas\u00e1si id\u0151":"2 perc"},"schema":{"@context":"https:\/\/schema.org","@graph":[{"@type":"WebPage","@id":"https:\/\/fashioncityhotel.com\/cafe\/","url":"https:\/\/fashioncityhotel.com\/cafe\/","name":"Atryum Caf\u00e9 Bar | In the centre, but not in the middle of the noise!","isPartOf":{"@id":"https:\/\/fashioncityhotel.com\/#website"},"primaryImageOfPage":{"@id":"https:\/\/fashioncityhotel.com\/cafe\/#primaryimage"},"image":{"@id":"https:\/\/fashioncityhotel.com\/cafe\/#primaryimage"},"thumbnailUrl":"https:\/\/fashioncityhotel.com\/wp-content\/uploads\/2024\/10\/caffee_logo.png","datePublished":"2024-07-17T14:06:18+00:00","dateModified":"2026-01-24T22:38:40+00:00","description":"Atryum Caf\u00e9 Bar is unique in that individuals can customize their coffee by choosing their own coffee, milk and delicious extras.","breadcrumb":{"@id":"https:\/\/fashioncityhotel.com\/cafe\/#breadcrumb"},"inLanguage":"hu","potentialAction":[{"@type":"ReadAction","target":["https:\/\/fashioncityhotel.com\/cafe\/"]}]},{"@type":"ImageObject","inLanguage":"hu","@id":"https:\/\/fashioncityhotel.com\/cafe\/#primaryimage","url":"https:\/\/fashioncityhotel.com\/wp-content\/uploads\/2024\/10\/caffee_logo.png","contentUrl":"https:\/\/fashioncityhotel.com\/wp-content\/uploads\/2024\/10\/caffee_logo.png"},{"@type":"BreadcrumbList","@id":"https:\/\/fashioncityhotel.com\/cafe\/#breadcrumb","itemListElement":[{"@type":"ListItem","position":1,"name":"Kezd\u0151lap","item":"https:\/\/fashioncityhotel.com\/"},{"@type":"ListItem","position":2,"name":"Caf\u00e9"}]},{"@type":"WebSite","@id":"https:\/\/fashioncityhotel.com\/#website","url":"https:\/\/fashioncityhotel.com\/","name":"Fashion City Hotel","description":"Be unique in the heart of the city with us!","publisher":{"@id":"https:\/\/fashioncityhotel.com\/#organization"},"potentialAction":[{"@type":"SearchAction","target":{"@type":"EntryPoint","urlTemplate":"https:\/\/fashioncityhotel.com\/?s={search_term_string}"},"query-input":{"@type":"PropertyValueSpecification","valueRequired":true,"valueName":"search_term_string"}}],"inLanguage":"hu"},{"@type":"Organization","@id":"https:\/\/fashioncityhotel.com\/#organization","name":"Fashion City Hotel","url":"https:\/\/fashioncityhotel.com\/","logo":{"@type":"ImageObject","inLanguage":"hu","@id":"https:\/\/fashioncityhotel.com\/#\/schema\/logo\/image\/","url":"https:\/\/fashioncityhotel.com\/wp-content\/uploads\/2024\/07\/cropped-logo_v1-1.png","contentUrl":"https:\/\/fashioncityhotel.com\/wp-content\/uploads\/2024\/07\/cropped-logo_v1-1.png","width":1179,"height":1180,"caption":"Fashion City Hotel"},"image":{"@id":"https:\/\/fashioncityhotel.com\/#\/schema\/logo\/image\/"}}]}},"_links":{"self":[{"href":"https:\/\/fashioncityhotel.com\/hu\/wp-json\/wp\/v2\/pages\/43","targetHints":{"allow":["GET"]}}],"collection":[{"href":"https:\/\/fashioncityhotel.com\/hu\/wp-json\/wp\/v2\/pages"}],"about":[{"href":"https:\/\/fashioncityhotel.com\/hu\/wp-json\/wp\/v2\/types\/page"}],"author":[{"embeddable":true,"href":"https:\/\/fashioncityhotel.com\/hu\/wp-json\/wp\/v2\/users\/1"}],"replies":[{"embeddable":true,"href":"https:\/\/fashioncityhotel.com\/hu\/wp-json\/wp\/v2\/comments?post=43"}],"version-history":[{"count":0,"href":"https:\/\/fashioncityhotel.com\/hu\/wp-json\/wp\/v2\/pages\/43\/revisions"}],"wp:attachment":[{"href":"https:\/\/fashioncityhotel.com\/hu\/wp-json\/wp\/v2\/media?parent=43"}],"curies":[{"name":"wp","href":"https:\/\/api.w.org\/{rel}","templated":true}]}}