{"id":2243,"date":"2026-01-30T13:17:57","date_gmt":"2026-01-30T12:17:57","guid":{"rendered":"https:\/\/fashioncityhotel.com\/?page_id=2243"},"modified":"2026-01-30T13:23:52","modified_gmt":"2026-01-30T12:23:52","slug":"2026-valentines-deal","status":"publish","type":"page","link":"https:\/\/fashioncityhotel.com\/hu\/2026-valentines-deal\/","title":{"rendered":"2026 Valentines deal"},"content":{"rendered":"<div data-elementor-type=\"wp-page\" data-elementor-id=\"2243\" class=\"elementor elementor-2243\" data-elementor-post-type=\"page\">\n\t\t\t\t<div class=\"elementor-element elementor-element-17a8317 e-flex e-con-boxed e-con e-parent\" data-id=\"17a8317\" data-element_type=\"container\" data-settings=\"{&quot;background_background&quot;:&quot;classic&quot;}\">\n\t\t\t\t\t<div class=\"e-con-inner\">\n\t\t<div class=\"elementor-element elementor-element-c10d68e e-con-full e-flex e-con e-child\" data-id=\"c10d68e\" data-element_type=\"container\">\n\t\t\t\t<div class=\"elementor-element elementor-element-9ea19d0 elementor-widget elementor-widget-heading\" data-id=\"9ea19d0\" data-element_type=\"widget\" data-widget_type=\"heading.default\">\n\t\t\t\t<div class=\"elementor-widget-container\">\n\t\t\t\t\t<h1 class=\"elementor-heading-title elementor-size-default\">Valentinnapi aj\u00e1nlat<\/h1>\t\t\t\t<\/div>\n\t\t\t\t<\/div>\n\t\t\t\t<div class=\"elementor-element elementor-element-1a71017 elementor-widget-divider--view-line elementor-widget elementor-widget-divider\" data-id=\"1a71017\" data-element_type=\"widget\" data-widget_type=\"divider.default\">\n\t\t\t\t<div class=\"elementor-widget-container\">\n\t\t\t\t\t\t\t<div class=\"elementor-divider\">\n\t\t\t<span class=\"elementor-divider-separator\">\n\t\t\t\t\t\t<\/span>\n\t\t<\/div>\n\t\t\t\t\t\t<\/div>\n\t\t\t\t<\/div>\n\t\t\t\t<\/div>\n\t\t\t\t\t<\/div>\n\t\t\t\t<\/div>\n\t\t<div class=\"elementor-element elementor-element-1b05a8b e-flex e-con-boxed e-con e-parent\" data-id=\"1b05a8b\" data-element_type=\"container\">\n\t\t\t\t\t<div class=\"e-con-inner\">\n\t\t\t\t<div class=\"elementor-element elementor-element-0a12d34 elementor-widget elementor-widget-text-editor\" data-id=\"0a12d34\" data-element_type=\"widget\" data-widget_type=\"text-editor.default\">\n\t\t\t\t<div class=\"elementor-widget-container\">\n\t\t\t\t\t\t\t\t\t<p>Reggeli az \u00e1gyban? Igen! \ud83e\udd50\u2615\ufe0f Rose-szirmok mindenhol? Alap! \ud83c\udf39 Maxim\u00e1lis k\u00e9nyelem \u00e9s st\u00edlus? Ez a Fashion City! Lepd meg a p\u00e1rod egy olyan \u00e9lm\u00e9nnyel, ami t\u00e9nyleg r\u00f3latok sz\u00f3l.<\/p><p>\u2728 Valentin-napi Superior csomagunk m\u00e1r foglalhat\u00f3! \u2728 Don\u2019t just stay. Stay in style.<\/p><p>Sz\u00e1ll\u00e1s: Minimum 2 \u00e9jszaka a v\u00e1lasztott szoba kateg\u00f3ri\u00e1ban 99 \u20ac\/ szoba \/ \u00e9j \u00e1ron<br \/>Romantikus bek\u00e9sz\u00edt\u00e9s:\nEgy \u00fcveg beh\u0171t\u00f6tt Prosecco vagy min\u0151s\u00e9gi magyar pezsg\u0151 \u00e9rkez\u00e9skor a szob\u00e1ban, k\u00e9zm\u0171ves bonbon.<br \/>Reggeli \u00e9lm\u00e9ny: B\u0151s\u00e9ges b\u00fcf\u00e9reggeli, opcion\u00e1lis szobaszerviz lehet\u0151s\u00e9ggel az els\u0151 reggelen (fel\u00e1r n\u00e9lk\u00fcl).<br \/>Late Check-out: K\u00e9s\u0151i kijelentkez\u00e9s 14:00 \u00f3r\u00e1ig<\/p>\t\t\t\t\t\t\t\t<\/div>\n\t\t\t\t<\/div>\n\t\t\t\t<div class=\"elementor-element elementor-element-fb82f80 elementor-align-center elementor-mobile-align-justify elementor-widget elementor-widget-button\" data-id=\"fb82f80\" data-element_type=\"widget\" data-widget_type=\"button.default\">\n\t\t\t\t<div class=\"elementor-widget-container\">\n\t\t\t\t\t\t\t\t\t<div class=\"elementor-button-wrapper\">\n\t\t\t\t\t<a class=\"elementor-button elementor-button-link elementor-size-sm\" href=\"https:\/\/ibe.sabeeapp.com\/properties\/Fashion-City-Hotel-foglal\u00e1s\/?p=bSp4440f0bea48b33e2&amp;l=hu\" target=\"_blank\">\n\t\t\t\t\t\t<span class=\"elementor-button-content-wrapper\">\n\t\t\t\t\t\t\t\t\t<span class=\"elementor-button-text\">Foglal\u00e1s<\/span>\n\t\t\t\t\t<\/span>\n\t\t\t\t\t<\/a>\n\t\t\t\t<\/div>\n\t\t\t\t\t\t\t\t<\/div>\n\t\t\t\t<\/div>\n\t\t\t\t\t<\/div>\n\t\t\t\t<\/div>\n\t\t\t\t<\/div>","protected":false},"excerpt":{"rendered":"<p>Valentine&#8217;s Deal Breakfast in bed? Yes! \ud83e\udd50\u2615\ufe0f Rose petals everywhere? Naturally! \ud83c\udf39 Ultimate comfort and style? That\u2019s Fashion City! Treat your partner to an experience that is truly all about the two of you. \u2728 Our Valentine\u2019s Day Superior package is now open for booking! \u2728 Don\u2019t just stay. Stay in style. \u2022 Accommodation: Minimum [&hellip;]<\/p>","protected":false},"author":1,"featured_media":0,"parent":0,"menu_order":0,"comment_status":"closed","ping_status":"closed","template":"elementor_header_footer","meta":{"footnotes":""},"class_list":["post-2243","page","type-page","status-publish","hentry"],"yoast_head":"<!-- This site is optimized with the Yoast SEO Premium plugin v25.6 (Yoast SEO v25.7) - https:\/\/yoast.com\/wordpress\/plugins\/seo\/ -->\n<title>2026 Valentines deal - Fashion City Hotel<\/title>\n<meta name=\"robots\" content=\"noindex, nofollow\" \/>\n<meta property=\"og:locale\" content=\"hu_HU\" \/>\n<meta property=\"og:type\" content=\"article\" \/>\n<meta property=\"og:title\" content=\"2026 Valentines deal\" \/>\n<meta property=\"og:description\" content=\"Valentine&#8217;s Deal Breakfast in bed? Yes! \ud83e\udd50\u2615\ufe0f Rose petals everywhere? Naturally! \ud83c\udf39 Ultimate comfort and style? That\u2019s Fashion City! Treat your partner to an experience that is truly all about the two of you. \u2728 Our Valentine\u2019s Day Superior package is now open for booking! \u2728 Don\u2019t just stay. Stay in style. \u2022 Accommodation: Minimum [&hellip;]\" \/>\n<meta property=\"og:url\" content=\"https:\/\/fashioncityhotel.com\/hu\/2026-valentines-deal\/\" \/>\n<meta property=\"og:site_name\" content=\"Fashion City Hotel\" \/>\n<meta property=\"article:modified_time\" content=\"2026-01-30T12:23:52+00:00\" \/>\n<meta name=\"twitter:card\" content=\"summary_large_image\" \/>\n<meta name=\"twitter:label1\" content=\"Becs\u00fclt olvas\u00e1si id\u0151\" \/>\n\t<meta name=\"twitter:data1\" content=\"2 perc\" \/>\n<script type=\"application\/ld+json\" class=\"yoast-schema-graph\">{\"@context\":\"https:\/\/schema.org\",\"@graph\":[{\"@type\":\"WebPage\",\"@id\":\"https:\/\/fashioncityhotel.com\/2026-valentines-deal\/\",\"url\":\"https:\/\/fashioncityhotel.com\/2026-valentines-deal\/\",\"name\":\"2026 Valentines deal - Fashion City Hotel\",\"isPartOf\":{\"@id\":\"https:\/\/fashioncityhotel.com\/#website\"},\"datePublished\":\"2026-01-30T12:17:57+00:00\",\"dateModified\":\"2026-01-30T12:23:52+00:00\",\"breadcrumb\":{\"@id\":\"https:\/\/fashioncityhotel.com\/2026-valentines-deal\/#breadcrumb\"},\"inLanguage\":\"hu\",\"potentialAction\":[{\"@type\":\"ReadAction\",\"target\":[\"https:\/\/fashioncityhotel.com\/2026-valentines-deal\/\"]}]},{\"@type\":\"BreadcrumbList\",\"@id\":\"https:\/\/fashioncityhotel.com\/2026-valentines-deal\/#breadcrumb\",\"itemListElement\":[{\"@type\":\"ListItem\",\"position\":1,\"name\":\"Kezd\u0151lap\",\"item\":\"https:\/\/fashioncityhotel.com\/\"},{\"@type\":\"ListItem\",\"position\":2,\"name\":\"2026 Valentines deal\"}]},{\"@type\":\"WebSite\",\"@id\":\"https:\/\/fashioncityhotel.com\/#website\",\"url\":\"https:\/\/fashioncityhotel.com\/\",\"name\":\"Fashion City Hotel\",\"description\":\"Be unique in the heart of the city with us!\",\"publisher\":{\"@id\":\"https:\/\/fashioncityhotel.com\/#organization\"},\"potentialAction\":[{\"@type\":\"SearchAction\",\"target\":{\"@type\":\"EntryPoint\",\"urlTemplate\":\"https:\/\/fashioncityhotel.com\/?s={search_term_string}\"},\"query-input\":{\"@type\":\"PropertyValueSpecification\",\"valueRequired\":true,\"valueName\":\"search_term_string\"}}],\"inLanguage\":\"hu\"},{\"@type\":\"Organization\",\"@id\":\"https:\/\/fashioncityhotel.com\/#organization\",\"name\":\"Fashion City Hotel\",\"url\":\"https:\/\/fashioncityhotel.com\/\",\"logo\":{\"@type\":\"ImageObject\",\"inLanguage\":\"hu\",\"@id\":\"https:\/\/fashioncityhotel.com\/#\/schema\/logo\/image\/\",\"url\":\"https:\/\/fashioncityhotel.com\/wp-content\/uploads\/2024\/07\/cropped-logo_v1-1.png\",\"contentUrl\":\"https:\/\/fashioncityhotel.com\/wp-content\/uploads\/2024\/07\/cropped-logo_v1-1.png\",\"width\":1179,\"height\":1180,\"caption\":\"Fashion City Hotel\"},\"image\":{\"@id\":\"https:\/\/fashioncityhotel.com\/#\/schema\/logo\/image\/\"}}]}<\/script>\n<!-- \/ Yoast SEO Premium plugin. -->","yoast_head_json":{"title":"2026 Valentines deal - Fashion City Hotel","robots":{"index":"noindex","follow":"nofollow"},"og_locale":"hu_HU","og_type":"article","og_title":"2026 Valentines deal","og_description":"Valentine&#8217;s Deal Breakfast in bed? Yes! \ud83e\udd50\u2615\ufe0f Rose petals everywhere? Naturally! \ud83c\udf39 Ultimate comfort and style? That\u2019s Fashion City! Treat your partner to an experience that is truly all about the two of you. \u2728 Our Valentine\u2019s Day Superior package is now open for booking! \u2728 Don\u2019t just stay. Stay in style. \u2022 Accommodation: Minimum [&hellip;]","og_url":"https:\/\/fashioncityhotel.com\/hu\/2026-valentines-deal\/","og_site_name":"Fashion City Hotel","article_modified_time":"2026-01-30T12:23:52+00:00","twitter_card":"summary_large_image","twitter_misc":{"Becs\u00fclt olvas\u00e1si id\u0151":"2 perc"},"schema":{"@context":"https:\/\/schema.org","@graph":[{"@type":"WebPage","@id":"https:\/\/fashioncityhotel.com\/2026-valentines-deal\/","url":"https:\/\/fashioncityhotel.com\/2026-valentines-deal\/","name":"2026 Valentines deal - Fashion City Hotel","isPartOf":{"@id":"https:\/\/fashioncityhotel.com\/#website"},"datePublished":"2026-01-30T12:17:57+00:00","dateModified":"2026-01-30T12:23:52+00:00","breadcrumb":{"@id":"https:\/\/fashioncityhotel.com\/2026-valentines-deal\/#breadcrumb"},"inLanguage":"hu","potentialAction":[{"@type":"ReadAction","target":["https:\/\/fashioncityhotel.com\/2026-valentines-deal\/"]}]},{"@type":"BreadcrumbList","@id":"https:\/\/fashioncityhotel.com\/2026-valentines-deal\/#breadcrumb","itemListElement":[{"@type":"ListItem","position":1,"name":"Kezd\u0151lap","item":"https:\/\/fashioncityhotel.com\/"},{"@type":"ListItem","position":2,"name":"2026 Valentines deal"}]},{"@type":"WebSite","@id":"https:\/\/fashioncityhotel.com\/#website","url":"https:\/\/fashioncityhotel.com\/","name":"Fashion City Hotel","description":"Be unique in the heart of the city with us!","publisher":{"@id":"https:\/\/fashioncityhotel.com\/#organization"},"potentialAction":[{"@type":"SearchAction","target":{"@type":"EntryPoint","urlTemplate":"https:\/\/fashioncityhotel.com\/?s={search_term_string}"},"query-input":{"@type":"PropertyValueSpecification","valueRequired":true,"valueName":"search_term_string"}}],"inLanguage":"hu"},{"@type":"Organization","@id":"https:\/\/fashioncityhotel.com\/#organization","name":"Fashion City Hotel","url":"https:\/\/fashioncityhotel.com\/","logo":{"@type":"ImageObject","inLanguage":"hu","@id":"https:\/\/fashioncityhotel.com\/#\/schema\/logo\/image\/","url":"https:\/\/fashioncityhotel.com\/wp-content\/uploads\/2024\/07\/cropped-logo_v1-1.png","contentUrl":"https:\/\/fashioncityhotel.com\/wp-content\/uploads\/2024\/07\/cropped-logo_v1-1.png","width":1179,"height":1180,"caption":"Fashion City Hotel"},"image":{"@id":"https:\/\/fashioncityhotel.com\/#\/schema\/logo\/image\/"}}]}},"_links":{"self":[{"href":"https:\/\/fashioncityhotel.com\/hu\/wp-json\/wp\/v2\/pages\/2243","targetHints":{"allow":["GET"]}}],"collection":[{"href":"https:\/\/fashioncityhotel.com\/hu\/wp-json\/wp\/v2\/pages"}],"about":[{"href":"https:\/\/fashioncityhotel.com\/hu\/wp-json\/wp\/v2\/types\/page"}],"author":[{"embeddable":true,"href":"https:\/\/fashioncityhotel.com\/hu\/wp-json\/wp\/v2\/users\/1"}],"replies":[{"embeddable":true,"href":"https:\/\/fashioncityhotel.com\/hu\/wp-json\/wp\/v2\/comments?post=2243"}],"version-history":[{"count":0,"href":"https:\/\/fashioncityhotel.com\/hu\/wp-json\/wp\/v2\/pages\/2243\/revisions"}],"wp:attachment":[{"href":"https:\/\/fashioncityhotel.com\/hu\/wp-json\/wp\/v2\/media?parent=2243"}],"curies":[{"name":"wp","href":"https:\/\/api.w.org\/{rel}","templated":true}]}}